{"id":16,"date":"2026-03-09T12:09:38","date_gmt":"2026-03-09T11:09:38","guid":{"rendered":"https:\/\/www.hypnose-au-cinema.com\/?page_id=16"},"modified":"2026-04-13T18:22:28","modified_gmt":"2026-04-13T16:22:28","slug":"accueil","status":"publish","type":"page","link":"https:\/\/www.hypnose-au-cinema.com\/","title":{"rendered":"Les dates \u00e0 venir : r\u00e9servations en ligne"},"content":{"rendered":"\n<figure class=\"wp-block-table\"><table><tbody>\n\n<tr><td><strong>VENDREDI 17 AVRIL 2026 &#8211; 20h30<\/strong><br>DIEPPE (76)<br>CIN\u00c9MA MEGARAMA<\/td><td><\/td><td><a href='https:\/\/www.billetreduc.com\/392286\/evt.htm' target='_blank' rel='noreferrer noopener'><img style='width: 250px;' src='https:\/\/www.hypnose-au-cinema.com\/wp-content\/uploads\/2022\/05\/base-bouton-resa-en-ligne.png' alt=''><\/a><\/td><\/tr>\n<tr><td><strong>SAMEDI 18 AVRIL 2026 &#8211; 20h30<\/strong><br>DENAIN (59)<br>CIN\u00c9MA MEGARAMA<\/td><td><\/td><td><a href='https:\/\/www.billetreduc.com\/392288\/evt.htm' target='_blank' rel='noreferrer noopener'><img style='width: 250px;' src='https:\/\/www.hypnose-au-cinema.com\/wp-content\/uploads\/2022\/05\/base-bouton-resa-en-ligne.png' alt=''><\/a><\/td><\/tr>\n<tr><td><strong>VENDREDI 24 AVRIL 2026 &#8211; 20h30<\/strong><br>ARRAS (59)<br>CIN\u00c9MA MEGARAMA<\/td><td><\/td><td><a href='https:\/\/www.billetreduc.com\/392290\/evt.htm' target='_blank' rel='noreferrer noopener'><img style='width: 250px;' src='https:\/\/www.hypnose-au-cinema.com\/wp-content\/uploads\/2022\/05\/base-bouton-resa-en-ligne.png' alt=''><\/a><\/td><\/tr>\n<tr><td><strong>SAMEDI 25 AVRIL 2026 &#8211; 20h30<\/strong><br>BOULOGNE SUR MER (62)<br>CIN\u00c9MA MEGARAMA<\/td><td><\/td><td><a href='https:\/\/www.billetreduc.com\/392291\/evt.htm' target='_blank' rel='noreferrer noopener'><img style='width: 250px;' src='https:\/\/www.hypnose-au-cinema.com\/wp-content\/uploads\/2022\/05\/base-bouton-resa-en-ligne.png' alt=''><\/a><\/td><\/tr>\n\n<tr><td><strong>SAMEDI 30 MAI 2026 &#8211; 20h30<\/strong><br>AMNEVILLE (57)<br>CIN\u00c9MA KINEPOLIS<\/td><td><\/td><td><a href='https:\/\/www.billetreduc.com\/392292\/evt.htm' target='_blank' rel='noreferrer noopener'><img style='width: 250px;' src='https:\/\/www.hypnose-au-cinema.com\/wp-content\/uploads\/2022\/05\/base-bouton-resa-en-ligne.png' alt=''><\/a><\/td><\/tr>\n<tr><td><strong>JEUDI 17 SEPTEMBRE 2026 &#8211; 20h30<\/strong><br>FENOUILLET (31)<br>CIN\u00c9MA KINEPOLIS<\/td><td><\/td><td><a href='https:\/\/www.billetreduc.com\/392618\/evt.htm' target='_blank' rel='noreferrer noopener'><img style='width: 250px;' src='https:\/\/www.hypnose-au-cinema.com\/wp-content\/uploads\/2022\/05\/base-bouton-resa-en-ligne.png' alt=''><\/a><\/td><\/tr>\n<tr><td><strong>VENDREDI 18 SEPTEMBRE 2026 &#8211; 20h30<\/strong><br>B\u00c9ZIERS (34)<br>CIN\u00c9MA KINEPOLIS<\/td><td><\/td><td><a href='https:\/\/www.billetreduc.com\/392624\/evt.htm' target='_blank' rel='noreferrer noopener'><img style='width: 250px;' src='https:\/\/www.hypnose-au-cinema.com\/wp-content\/uploads\/2022\/05\/base-bouton-resa-en-ligne.png' alt=''><\/a><\/td><\/tr>\n<tr><td><strong>SAMEDI 19 SEPTEMBRE 2026 &#8211; 20h30<\/strong><br>LOMME (59)<br>CIN\u00c9MA KINEPOLIS<\/td><td><\/td><td><a href='https:\/\/www.billetreduc.com\/392645\/evt.htm' target='_blank' rel='noreferrer noopener'><img style='width: 250px;' src='https:\/\/www.hypnose-au-cinema.com\/wp-content\/uploads\/2022\/05\/base-bouton-resa-en-ligne.png' alt=''><\/a><\/td><\/tr>\n<tr><td><strong>SAMEDI 19 SEPTEMBRE 2026 &#8211; 20h30<\/strong><br>NIMES (30)<br>CIN\u00c9MA KINEPOLIS<\/td><td><\/td><td><a href='https:\/\/www.billetreduc.com\/392631\/evt.htm' target='_blank' rel='noreferrer noopener'><img style='width: 250px;' src='https:\/\/www.hypnose-au-cinema.com\/wp-content\/uploads\/2022\/05\/base-bouton-resa-en-ligne.png' alt=''><\/a><\/td><\/tr>\n<tr><td><strong>VENDREDI 2 OCTOBRE 2026 &#8211; 20h30<\/strong><br>SAINT JULIEN L\u00c8S METZ (57)<br>CIN\u00c9MA KINEPOLIS<\/td><td><\/td><td><a href='https:\/\/www.billetreduc.com\/392649\/evt.htm' target='_blank' rel='noreferrer noopener'><img style='width: 250px;' src='https:\/\/www.hypnose-au-cinema.com\/wp-content\/uploads\/2022\/05\/base-bouton-resa-en-ligne.png' alt=''><\/a><\/td><\/tr>\n<tr><td><strong>SAMEDI 3 OCTOBRE 2026 &#8211; 20h30<\/strong><br>NANCY (54)<br>CIN\u00c9MA KINEPOLIS<\/td><td><\/td><td><a href='https:\/\/www.billetreduc.com\/392650\/evt.htm' target='_blank' rel='noreferrer noopener'><img style='width: 250px;' src='https:\/\/www.hypnose-au-cinema.com\/wp-content\/uploads\/2022\/05\/base-bouton-resa-en-ligne.png' alt=''><\/a><\/td><\/tr>\n\n\n\n<\/tbody><\/table><\/figure>\n\n\n\n<h2 class=\"wp-block-heading\">Quelques photos :<\/h2>\n\n\n\n<p><\/p>\n\n\n\n<figure class=\"wp-block-gallery has-nested-images columns-2 is-cropped wp-block-gallery-1 is-layout-flex wp-block-gallery-is-layout-flex\">\n<figure class=\"wp-block-image size-large\"><img loading=\"lazy\" decoding=\"async\" width=\"1024\" height=\"576\" data-id=\"115\" src=\"https:\/\/www.hypnose-au-cinema.com\/wp-content\/uploads\/2023\/01\/hypnose-au-cinema-alex-hypnotiseur-004-1024x576-2.jpg\" alt=\"\" class=\"wp-image-115\" srcset=\"https:\/\/www.hypnose-au-cinema.com\/wp-content\/uploads\/2023\/01\/hypnose-au-cinema-alex-hypnotiseur-004-1024x576-2.jpg 1024w, https:\/\/www.hypnose-au-cinema.com\/wp-content\/uploads\/2023\/01\/hypnose-au-cinema-alex-hypnotiseur-004-1024x576-2-300x169.jpg 300w, https:\/\/www.hypnose-au-cinema.com\/wp-content\/uploads\/2023\/01\/hypnose-au-cinema-alex-hypnotiseur-004-1024x576-2-768x432.jpg 768w\" sizes=\"auto, (max-width: 767px) 89vw, (max-width: 1000px) 54vw, (max-width: 1071px) 543px, 580px\" \/><\/figure>\n\n\n\n<figure class=\"wp-block-image size-large\"><img loading=\"lazy\" decoding=\"async\" width=\"1024\" height=\"576\" data-id=\"111\" src=\"https:\/\/www.hypnose-au-cinema.com\/wp-content\/uploads\/2023\/01\/hypnose-au-cinema-alex-hypnotiseur-001-1024x576-1.jpg\" alt=\"\" class=\"wp-image-111\" srcset=\"https:\/\/www.hypnose-au-cinema.com\/wp-content\/uploads\/2023\/01\/hypnose-au-cinema-alex-hypnotiseur-001-1024x576-1.jpg 1024w, https:\/\/www.hypnose-au-cinema.com\/wp-content\/uploads\/2023\/01\/hypnose-au-cinema-alex-hypnotiseur-001-1024x576-1-300x169.jpg 300w, https:\/\/www.hypnose-au-cinema.com\/wp-content\/uploads\/2023\/01\/hypnose-au-cinema-alex-hypnotiseur-001-1024x576-1-768x432.jpg 768w\" sizes=\"auto, (max-width: 767px) 89vw, (max-width: 1000px) 54vw, (max-width: 1071px) 543px, 580px\" \/><\/figure>\n\n\n\n<figure class=\"wp-block-image size-large\"><img loading=\"lazy\" decoding=\"async\" width=\"1024\" height=\"576\" data-id=\"114\" src=\"https:\/\/www.hypnose-au-cinema.com\/wp-content\/uploads\/2023\/01\/hypnose-au-cinema-alex-hypnotiseur-005-1024x576-1.jpg\" alt=\"\" class=\"wp-image-114\" srcset=\"https:\/\/www.hypnose-au-cinema.com\/wp-content\/uploads\/2023\/01\/hypnose-au-cinema-alex-hypnotiseur-005-1024x576-1.jpg 1024w, https:\/\/www.hypnose-au-cinema.com\/wp-content\/uploads\/2023\/01\/hypnose-au-cinema-alex-hypnotiseur-005-1024x576-1-300x169.jpg 300w, https:\/\/www.hypnose-au-cinema.com\/wp-content\/uploads\/2023\/01\/hypnose-au-cinema-alex-hypnotiseur-005-1024x576-1-768x432.jpg 768w\" sizes=\"auto, (max-width: 767px) 89vw, (max-width: 1000px) 54vw, (max-width: 1071px) 543px, 580px\" \/><\/figure>\n\n\n\n<figure class=\"wp-block-image size-large\"><img loading=\"lazy\" decoding=\"async\" width=\"1024\" height=\"576\" data-id=\"116\" src=\"https:\/\/www.hypnose-au-cinema.com\/wp-content\/uploads\/2023\/01\/hypnose-au-cinema-alex-hypnotiseur-003-1024x576-1.jpg\" alt=\"\" class=\"wp-image-116\" srcset=\"https:\/\/www.hypnose-au-cinema.com\/wp-content\/uploads\/2023\/01\/hypnose-au-cinema-alex-hypnotiseur-003-1024x576-1.jpg 1024w, https:\/\/www.hypnose-au-cinema.com\/wp-content\/uploads\/2023\/01\/hypnose-au-cinema-alex-hypnotiseur-003-1024x576-1-300x169.jpg 300w, https:\/\/www.hypnose-au-cinema.com\/wp-content\/uploads\/2023\/01\/hypnose-au-cinema-alex-hypnotiseur-003-1024x576-1-768x432.jpg 768w\" sizes=\"auto, (max-width: 767px) 89vw, (max-width: 1000px) 54vw, (max-width: 1071px) 543px, 580px\" \/><\/figure>\n\n\n\n<figure class=\"wp-block-image size-large\"><img loading=\"lazy\" decoding=\"async\" width=\"1024\" height=\"576\" data-id=\"113\" src=\"https:\/\/www.hypnose-au-cinema.com\/wp-content\/uploads\/2023\/01\/hypnose-au-cinema-alex-hypnotiseur-007-1024x576-1.jpg\" alt=\"\" class=\"wp-image-113\" srcset=\"https:\/\/www.hypnose-au-cinema.com\/wp-content\/uploads\/2023\/01\/hypnose-au-cinema-alex-hypnotiseur-007-1024x576-1.jpg 1024w, https:\/\/www.hypnose-au-cinema.com\/wp-content\/uploads\/2023\/01\/hypnose-au-cinema-alex-hypnotiseur-007-1024x576-1-300x169.jpg 300w, https:\/\/www.hypnose-au-cinema.com\/wp-content\/uploads\/2023\/01\/hypnose-au-cinema-alex-hypnotiseur-007-1024x576-1-768x432.jpg 768w\" sizes=\"auto, (max-width: 767px) 89vw, (max-width: 1000px) 54vw, (max-width: 1071px) 543px, 580px\" \/><\/figure>\n\n\n\n<figure class=\"wp-block-image size-large\"><img loading=\"lazy\" decoding=\"async\" width=\"1024\" height=\"576\" data-id=\"110\" src=\"https:\/\/www.hypnose-au-cinema.com\/wp-content\/uploads\/2023\/01\/hypnose-au-cinema-alex-hypnotiseur-006-1024x576-1.jpg\" alt=\"\" class=\"wp-image-110\" srcset=\"https:\/\/www.hypnose-au-cinema.com\/wp-content\/uploads\/2023\/01\/hypnose-au-cinema-alex-hypnotiseur-006-1024x576-1.jpg 1024w, https:\/\/www.hypnose-au-cinema.com\/wp-content\/uploads\/2023\/01\/hypnose-au-cinema-alex-hypnotiseur-006-1024x576-1-300x169.jpg 300w, https:\/\/www.hypnose-au-cinema.com\/wp-content\/uploads\/2023\/01\/hypnose-au-cinema-alex-hypnotiseur-006-1024x576-1-768x432.jpg 768w\" sizes=\"auto, (max-width: 767px) 89vw, (max-width: 1000px) 54vw, (max-width: 1071px) 543px, 580px\" \/><\/figure>\n\n\n\n<figure class=\"wp-block-image size-large\"><img loading=\"lazy\" decoding=\"async\" width=\"1024\" height=\"576\" data-id=\"112\" src=\"https:\/\/www.hypnose-au-cinema.com\/wp-content\/uploads\/2023\/01\/hypnose-au-cinema-alex-hypnotiseur-002-1024x576-1.jpg\" alt=\"\" class=\"wp-image-112\" srcset=\"https:\/\/www.hypnose-au-cinema.com\/wp-content\/uploads\/2023\/01\/hypnose-au-cinema-alex-hypnotiseur-002-1024x576-1.jpg 1024w, https:\/\/www.hypnose-au-cinema.com\/wp-content\/uploads\/2023\/01\/hypnose-au-cinema-alex-hypnotiseur-002-1024x576-1-300x169.jpg 300w, https:\/\/www.hypnose-au-cinema.com\/wp-content\/uploads\/2023\/01\/hypnose-au-cinema-alex-hypnotiseur-002-1024x576-1-768x432.jpg 768w\" sizes=\"auto, (max-width: 767px) 89vw, (max-width: 1000px) 54vw, (max-width: 1071px) 543px, 580px\" \/><\/figure>\n\n\n\n<figure class=\"wp-block-image size-large\"><img loading=\"lazy\" decoding=\"async\" width=\"1024\" height=\"576\" data-id=\"109\" src=\"https:\/\/www.hypnose-au-cinema.com\/wp-content\/uploads\/2023\/01\/hypnose-au-cinema-alex-hypnotiseur-008-1024x576-1.jpg\" alt=\"\" class=\"wp-image-109\" srcset=\"https:\/\/www.hypnose-au-cinema.com\/wp-content\/uploads\/2023\/01\/hypnose-au-cinema-alex-hypnotiseur-008-1024x576-1.jpg 1024w, https:\/\/www.hypnose-au-cinema.com\/wp-content\/uploads\/2023\/01\/hypnose-au-cinema-alex-hypnotiseur-008-1024x576-1-300x169.jpg 300w, https:\/\/www.hypnose-au-cinema.com\/wp-content\/uploads\/2023\/01\/hypnose-au-cinema-alex-hypnotiseur-008-1024x576-1-768x432.jpg 768w\" sizes=\"auto, (max-width: 767px) 89vw, (max-width: 1000px) 54vw, (max-width: 1071px) 543px, 580px\" \/><\/figure>\n<\/figure>\n\n\n\n<h2 class=\"wp-block-heading\">Les dates pass\u00e9es :<\/h2>\n\n\n\n<p><br><\/p>\n\n\n\n<p>08\/02\/2019 : Cin\u00e9ma Ocin\u00e9 &#8211; DUNKERQUE (59)<br> 14\/06\/2019 : Cin\u00e9ma Ocin\u00e9 &#8211; MAUBEUGE (59)<br> 07\/09\/2019 : Kinepolis &#8211; ROUEN (76)<br> 13\/09\/2019 : Cin\u00e9ma Les Arches Lumi\u00e8re &#8211; YVETOT (76)<br> 14\/09\/2019 : Cin\u00e9ma Palace &#8211; LES ANDELYS (27)<br> 25\/09\/2019 : Cin\u00e9ma CGR &#8211; BEAUVAIS (60)<br> 26\/09\/2019 : Cin\u00e9ma CGR &#8211; SAINT QUENTIN (02)<br> 27\/09\/2019 : Cin\u00e9ma CGR &#8211; BRUAY LA BUISSIERE (62)<br> 11\/10\/2019 : Sonhir &#8211; HIRSON (02)<br> 14\/12\/2019 : Cin\u00e9ma du Clermontois (60) &#8211; CLERMONT<br> 29\/12\/2019 : Cin\u00e9ma de la Plage &#8211; HAUTEVILLE SUR MER (50)<br> 10\/01\/2020 : Cin\u00e9ma Confluences &#8211; VARENNES SUR SEINE (77)<br> 17\/01\/2020 : Cin\u00e9ville &#8211; HENIN BEAUMONT (62)<br> 18\/01\/2020 : Cin\u00e9ma Grand Large &#8211; FECAMP (76)<br> 31\/01\/2020 : Cin\u00e9marine &#8211; BENODET (29)<br> 07\/02\/2020 : Path\u00e9 &#8211; EVREUX (27)<br> 06\/06\/2020 : Cin\u00e9ma Confluences &#8211; MENNECY (91)<br> 24\/07\/2020 : Cin\u00e9ma de la Plage &#8211; HAUTEVILLE SUR MER (50)<br> 25\/07\/2020 : Cin\u00e9ma de la Plage &#8211; HAUTEVILLE SUR MER (50)<br> 11\/09\/2020 : Cin\u00e9ma Les Lumi\u00e8res &#8211; ARMENTIERES (59)<br> 18\/09\/2020 : Cin\u00e9ma Le Palace &#8211; CAMBRAI (59)<br> 25\/09\/2020 : Kinepolis &#8211; LOMME (59)<br> 02\/10\/2020 : Sportica &#8211; GRAVELINES (59)<br> 09\/10\/2020 : Gaumont &#8211; AMIENS (80)<br> 24\/09\/2021 : Cin\u00e9 Pont Audemer &#8211; PONT AUDEMER (27)<br> 25\/09\/2021 : Cin\u00e9ma Grand Mercure &#8211; ELBEUF (76) <br> 27\/11\/2021 : Cin\u00e9ma \u00c9toile Palace &#8211; VICHY (03)<br> 10\/12\/2021 : Kinepolis &#8211; LOMME (59)<br> 21\/01\/2022 : Cin\u00e9ville &#8211; HENIN BEAUMONT (62)<br> 18\/03\/2022 : Kinepolis &#8211; NANCY (54)<br> 19\/03\/2022 : Kinepolis &#8211; METZ (57)<br> 25\/03\/2022 : Kinepolis &#8211; FENOUILLET \/ TOULOUSE (31)<br> 26\/03\/2022 : Kinepolis &#8211; N\u00eeMES (30)<br> 01\/04\/2022 : Cin\u00e9ma Ocin\u00e9 &#8211; DUNKERQUE (59)<br> 01\/04\/2022 : Cin\u00e9ma Palace Lumi\u00e8re &#8211; ALTKIRCH (68)<br> 08\/04\/2022 : Cin\u00e9ma Le Grand Bleu &#8211; LE LAVANDOU (83)<br> 15\/04\/2022 : Cin\u00e9ma Confluences &#8211; SENS (89)<br> 30\/04\/2022 : Kinepolis &#8211; BRETIGNY (91)<br> 04\/05\/2022 : Cin\u00e9planet &#8211; SALON DE PROVENCE (13)<br> 05\/05\/2022 : Cin\u00e9planet &#8211; ALES (30)<br> 06\/05\/2022 : Kinepolis &#8211; BOURGOIN-JALLIEU (38)<br> 13\/05\/2022 : Cin\u00e9ma Confluences &#8211; SABLE SUR SARTHE (72)<br> 20\/05\/2022 : Cin\u00e9ma Confluences &#8211; BAR LE DUC (55)<br> 27\/05\/2022 : Cin\u00e9ma Confluences &#8211; VARENNES SUR SEINE (77)<br> 03\/06\/2022 : Cin\u00e9ma Confluences &#8211; MENNECY (91)<br> 10\/06\/2022 : Cin\u00e9ma Agn\u00e8s Varda &#8211; LA TRANCHE SUR MER (85)<br> 11\/06\/2022 : Cin\u00e9ma Fauteuil Rouge &#8211; BRESSUIRE (79)<br> 11\/06\/2022 : Cin\u00e9ma Palace &#8211; LES ANDELYS (27)<br> 17\/06\/2022 : Cin\u00e9ma L&#8217;Ambiance &#8211; SENONCHES (28)<br> 24\/06\/2022 : Cin\u00e9ma l&#8217;Arlequin &#8211; BELLEY (01)<br> 15\/09\/2022 : Cin\u00e9ma Path\u00e9 &#8211; SARAN (45)<br> 16\/09\/2022 : Cin\u00e9ma Path\u00e9 &#8211; ANGERS (49)<br> 23\/09\/2022 : Cin\u00e9ma Path\u00e9 &#8211; VALENCE (26)<br> 24\/09\/2022 : Kinepolis &#8211; THIONVILLE (57)<br> 09\/09\/2022 : Gaumont &#8211; DISNEY VILLAGE (77)<br> 16\/09\/2022 : Sonhir &#8211; HIRSON (02)<br> 23\/09\/2022 : Path\u00e9 &#8211; CARRE SENART (77)<br> 30\/09\/2022 : Cin\u00e9ma Gaumont &#8211; LABEGE TOULOUSE (31)<br> 04\/10\/2022 : Cin\u00e9ma Gaumont Multiplexe &#8211; MONTPELLIER (34)<br> 05\/10\/2022 : Cin\u00e9ma Path\u00e9 &#8211; PLAN DE CAMPAGNE LES PENNES MIRABEAU (13)<br> 06\/10\/2022 : Cin\u00e9ma Path\u00e9 &#8211; LA VALETTE DU VAR (83)<br> 12\/10\/2022 : Cin\u00e9ma Path\u00e9 Atlantis &#8211; SAINT HERBLAIN NANTES (44)<br> 13\/10\/2022 : Cin\u00e9ville &#8211; VANNES (56)<br> 14\/10\/2022 : Cin\u00e9ville &#8211; SAINT NAZAIRE (44)<br> 20\/10\/2022 : Gaumont &#8211; LE HAVRE (76)<br> 21\/10\/2022 : Path\u00e9 &#8211; EVREUX (27)<br> 28\/10\/2022 : Path\u00e9 &#8211; LIEVIN (62)<br> 28\/10\/2022 : Cin\u00e9ma Agn\u00e8s Varda &#8211; LA TRANCHE SUR MER (85)<br> 29\/10\/2022 : Cin\u00e9ma Ariel &#8211; RUEIL MALMAISON (78)<br> 29\/10\/2022 : Cin\u00e9ma Fauteuil Rouge &#8211; BRESSUIRE (79)<br> 04\/11\/2022 : Cin\u00e9ville &#8211; PONT DE c\u00e9 (49)<br> 16\/11\/2022 : Cin\u00e9ville &#8211; LAVAL (53)<br> 17\/11\/2022 : Cin\u00e9ville &#8211; VERN SUR SECHE (35)<br> 19\/11\/2022 : Cin\u00e9ma Path\u00e9 &#8211; TOULON (83)<br> 18\/11\/2022 : Cin\u00e9ville &#8211; LORIENT (56)<br> 19\/11\/2022 : Path\u00e9 &#8211; BREST (29)<br> 24\/11\/2022 : Cin\u00e9ma Path\u00e9 Vaise &#8211; LYON (69)<br> 25\/11\/2022 : Path\u00e9 &#8211; AEROVILLE (77)<br> 27\/11\/2022 : Cin\u00e9ma l&#8217;Arlequin &#8211; BELLEY (01)<br> 08\/12\/2022 : Cin\u00e9ma Path\u00e9 &#8211; NICE (06)<br> 09\/12\/2022 : Sportica &#8211; GRAVELINES (59)<br> 09\/12\/2022 : Cin\u00e9ma Gaumont Com\u00e9die &#8211; MONTPELLIER (34)<br> 10\/12\/2022 : Cin\u00e9ma MegaCastillet &#8211; PERPIGNAN (66)<br> 16\/12\/2022 : Gaumont &#8211; VALENCIENNES (59)<br> 13\/01\/2023 : Cin\u00e9ma L&#8217;Olympia &#8211; DIJON (21)<br> 14\/01\/2023 : Cin\u00e9Centre &#8211; DREUX (28)<br> 20\/01\/2023 : Cin\u00e9ville &#8211; LA ROCHE SUR YON (85)<br> 21\/01\/2023 : Kinepolis &#8211; ROUEN (76)<br> 03\/02\/2023 : Cin\u00e9ville &#8211; QUIMPER (29)<br> 03\/02\/2023 : Cin\u00e9 Sologne &#8211; ROMORANTIN (42)<br> 04\/02\/2023 : Cin\u00e9 Lumi\u00e8re &#8211; VIERZON (18)<br> 05\/02\/2023 : Vari\u00e9t\u00e9s Cin\u00e9ma &#8211; LA FERTE SAINT AUBIN (45)<br> 11\/03\/2023 : Cin\u00e9 Les Toiles &#8211; CREPY EN VALOIS (60)<br> 21\/04\/2023 : CineTriskell &#8211; CHALLANS (85)<br> 22\/04\/2023 : CineTriskell &#8211; LUCON (85)<br> 22\/04\/2023 : Cin\u00e9ma La Balise &#8211; DOUARNENEZ (29)<br> 02\/06\/2023 : Cin\u00e9 Normandy &#8211; ARGENTAN (61)<br> 16\/06\/2023 : Planet&#8217;Cin\u00e9 &#8211; ALENCON (61)<br> 17\/06\/2023 : Les 4 Vikings &#8211; FLERS (61)<br> 22\/09\/2023 : Path\u00e9 Gaumont &#8211; SARAN (45)<br> 13\/10\/2023 : Gaumont &#8211; DISNEY VILLAGE (77)<br> 27\/10\/2023 : Cin\u00e9ma L&#8217;Arlequin &#8211; BELLEY (01)<br> 28\/10\/2023 : Cin\u00e9ma Le Select &#8211; LE CATEAU CAMBRESIS (59)<br> 17\/11\/2023 : Cin\u00e9ma L&#8217;Olympia &#8211; PONTARLIER (25)<br> 24\/11\/2023 : Cin\u00e9ma Majestic &#8211; COMPIEGNE (60)<br> 01\/12\/2023 : Cin\u00e9 Laon &#8211; LAON (02)<br> 03\/12\/2023 : Cin\u00e9ma Piccoli Piccolo &#8211; VERVINS (02)<br> 12\/01\/2024 : Kinepolis &#8211; FENOUILLET (31)<br> 12\/01\/2024 : Kinepolis &#8211; LOMME (59) <br> 13\/01\/2024 : Kinepolis &#8211; NIMES (30)<br> 18\/01\/2024 : Cin\u00e9ma Les Tourelles &#8211; VOUZIERS (08)<br> 19\/01\/2024 : Cin\u00e9ville &#8211; HENIN BEAUMONT (62)<br> 25\/01\/2024 : Cin\u00e9ville &#8211; VERN SUR SEICHE (35)<br> 26\/01\/2024 : Kinepolis &#8211; BRETIGNY (91)<br> 02\/02\/2024 : Cin\u00e9ville &#8211; SAINT S\u00c9BASTIEN SUR LOIRE (44)<br> 02\/02\/2024 : Kinepolis &#8211; NANCY (54)<br> 03\/02\/2024 : Kinepolis &#8211; SAINT JULIEN LES METZ (57)<br> 09\/02\/2024 : Cin\u00e9 Sologne &#8211; ROMORANTIN (42)<br> 16\/02\/2024 : Cin\u00e9 Lumi\u00e8re &#8211; VIERZON (18)<br> 23\/02\/2024 : Cin\u00e9ma Confluences &#8211; SABLE SUR SARTHE (72)<br> 02\/03\/2024 : Cin\u00e9ma Ariel &#8211; RUEIL MALMAISON (92)<br> 08\/03\/2024 : Cin\u00e9ma Confluences &#8211; MENNECY (91)<br> 14\/03\/2024 : Cin\u00e9ma Le Grand Bleu &#8211; LE LAVANDOU (83)<br> 14\/03\/2024 : Cin\u00e9ville &#8211; VANNES (56)<br> 15\/03\/2024 : Kinepolis &#8211; BOURGOIN JALLIEU (38)<br> 15\/03\/2024 : Cin\u00e9ville &#8211; SAINT NAZAIRE (44)<br> 16\/03\/2024 : Cin\u00e9ville &#8211; QUIMPER (29)<br> 22\/03\/2024 : Cin\u00e9ma Confluences &#8211; SENS (89)<br> 29\/03\/2024 : Cin\u00e9ville &#8211; LA ROCHE SUR YON (85)<br> 05\/04\/2024 : Sonhir &#8211; HIRSON (02)<br> 05\/04\/2024 : Cin\u00e9 Avenir &#8211; CHALLANS (85)<br> 06\/04\/2024 : Cint\u00e9triskell &#8211; LUCON (85) <br> 12\/04\/2024 : Kinepolis &#8211; LONGWY (54)<br> 13\/04\/2024 : Kinepolis &#8211; AMNEVILLE (57)<br> 19\/04\/2024 : Cin\u00e9Centre &#8211; DREUX (28)<br> 17\/05\/2024 : Cin\u00e9ma Grand Ecran &#8211; LIMOGES (87)<br> 18\/05\/2024 : Cin\u00e9ma Grand Ecran &#8211; BERGERAC (24)<br> 24\/05\/2024 : Cin\u00e9ma Grand Ecran &#8211; LIBOURNE (33)<br> 25\/05\/2024 : Cin\u00e9ma Grand Ecran &#8211; SAINTE EULALIE (33)<br> 31\/05\/2024 : Cin\u00e9ma Le Rex &#8211; NOGENT LE ROTROU (28)<br> 01\/06\/2024 : Cin\u00e9ma L&#8217;Aiglon &#8211; L&#8217;AIGLE (61)<br> 07\/06\/2024 : Cin\u00e9ma Grand Ecran &#8211; LANGON (33)<br> 07\/06\/2024 : Cin\u00e9ma Le Paris &#8211; RIVES EN SEINE &#8211; CAUDEBEC EN CAUX (76)<br> 08\/06\/2024 : Cin\u00e9ma Multi Rex &#8211; BERNAY (27)<br> 28\/09\/2024 : Kinepolis &#8211; Li\u00e8ge (Belgique)<br> 04\/10\/2024 : Kinepolis &#8211; Kirchberf (Luxembourg)<br> 11\/10\/2024 : Cin\u00e9ma Les Lumi\u00e8res &#8211; RUMILLY (74)<br> 11\/10\/2024 : Cin\u00e9ma Majestic &#8211; DOUAI (59)<br> 12\/10\/2024 : Cin\u00e9ma Cin\u00e9 &#8211; MEYZIEU (69)<br> 18\/10\/2024 : Cin\u00e9ma Confluences &#8211; VARENNES (77)<br> 18\/10\/2024 : Cin\u00e9ma La Balise &#8211; DOUARNENEZ (29)<br> 19\/10\/2024 : Cap&#8217;Cin\u00e9 &#8211; BLOIS (41)<br> 22\/11\/2024 : Atlantic&#8217;Cin\u00e9 &#8211; SAINTES (17)<br> 22\/11\/2024 : Cin\u00e9ma Confluences &#8211; BAR LE DUC (55)<br> 06\/12\/2024 : Sportica &#8211; GRAVELINES (59)<br> 13\/12\/2024 : Majestic &#8211; COMPIEGNE (60)<br> 14\/12\/2024 : Cin\u00e9Laon &#8211; LAON (02)<br> 24\/01\/2025 : M\u00e9garama &#8211; ARRAS (62)<br> 24\/01\/2025 : Path\u00e9 &#8211; ECHIROLLES \/ GRENOBLE (38)<br> 25\/01\/2025 : Kinepolis &#8211; B\u00e9ziers (34)<br> 31\/01\/2025 : M\u00e9garama &#8211; Besan\u00e7on (25)<br> 07\/02\/2025 : Path\u00e9 &#8211; ANNECY (74)<br> 08\/02\/2025 : M\u00e9gama &#8211; CHENNEVIERES SUR MARNE (94)<br> 13\/02\/2025 : Path\u00e9 &#8211; THILLOIS \/ REIMS (51)<br> 13\/02\/2025 : M\u00e9garama &#8211; BORDEAUX (33)<br> 21\/02\/2025 : Kin\u00e9polis &#8211; BOURGOIN JALLIEU (38)<br> 28\/02\/2025 : M\u00e9garama &#8211; DIEPPE (76)<br> 28\/02\/2025 : Cin\u00e9ville &#8211; VERN SUR SECHE (35)<br> 01\/03\/2025 : Kinepolis &#8211; LOMME (59)<br> 06\/03\/2025 : Cin\u00e9ville &#8211; SAINT S\u00c9BASTIEN (44)<br> 07\/03\/2025 : Cin\u00e9ville &#8211; H\u00c9NIN-BEAUMONT (62)<br> 07\/03\/2025 : Cin\u00e9ville &#8211; VANNES (56)<br> 08\/03\/2025 : M\u00e9garama &#8211; DENAIN (59)<br> 14\/03\/2025 : Cin\u00e9ma \u00c9toiles &#8211; B\u00c9THUNE (62)<br> 22\/03\/2025 : Cin\u00e9ma Le Lido &#8211; ROYAN (17)<br> 28\/03\/2025 : Cin\u00e9ma Confluences &#8211; MENNECY (91)<br> 28\/03\/2025 : Cin\u00e9ville &#8211; SAINT NAZAIRE (44)<br> 04\/04\/2025 : Cin\u00e9ma Path\u00e9 &#8211; EVREUX (27)<br> 11\/04\/2025 : M\u00e9garama &#8211; BOULOGNE SUR MER (62)<br> 11\/04\/2025 : Kin\u00e9polis &#8211; BRETIGNY SUR ORGE (91)<br> 18\/04\/2025 : Cin\u00e9 Mazarin &#8211; NEVERS (58)<br> 25\/04\/2025 : Cin\u00e9ma Path\u00e9 Docks 76 &#8211; ROUEN (76)<br> 26\/04\/2025 : Cin\u00e9 Tr\u00e8fle &#8211; DORLISHEIM (67)<br> 09\/05\/2025 : Kinepolis &#8211; SAINT JULIEN LES METZ (57)<br> 10\/05\/2025 : Kinepolis &#8211; NANCY (54)<br> 16\/05\/2025 : Cin\u00e9ma Les Toiles &#8211; CREPY EN VALOIS (60)<br> 24\/05\/2025 : M\u00e9garama Montpellier &#8211; SAINT GELY DU FESC (34) <br> 05\/06\/2025 : Cin\u00e9ma Path\u00e9 &#8211; CONFLANS SAINTE HONORINE (78)<br>\u00a026\/09\/2025 : Cin\u00e9ma Kinepolis &#8211; SERVON (77) <br>\u00a003\/10\/2025 : Cin\u00e9ma Kinepolis &#8211; PORT JEROME SUR SEINE (76) <br>\u00a017\/10\/2025 : Cin\u00e9ma Path\u00e9 &#8211; LI\u00c9VIN (62) <br>\u00a018\/10\/2025 : Cin\u00e9ma Path\u00e9 &#8211; COQUELLES (62) <br>\u00a023\/10\/2025 : Cin\u00e9ma Path\u00e9 &#8211; ORL\u00c9ANS (45) <br>\u00a024\/10\/2025 : Cin\u00e9ma Le Grand Club &#8211; GIEN (78) <br>\u00a006\/11\/2025 : Cin\u00e9ma Megarama &#8211; ANNECY (74) <br>\u00a007\/11\/2025 : Cin\u00e9ma Les Lumi\u00e8res de la Ville &#8211; RUMILLY (74) <br>\u00a014\/11\/2025 : 4 Cin\u00e9mas Th\u00e9\u00e2tre &#8211; VERNON (27) <br>\u00a014\/11\/2025 : Cin\u00e9ma Path\u00e9 &#8211; TOURS (37) <br>\u00a015\/11\/2025 : Cin\u00e9ma Path\u00e9 Docks Vauban &#8211; LE HAVRE (76) <br>\u00a021\/11\/2025 : Cin\u00e9ma Kajestic &#8211; COMPI\u00c8GNE (60) <br>\u00a022\/11\/2025 : Cin\u00e9 Laon &#8211; LAON (02) <br>\u00a016\/01\/2026 : Cin\u00e9ma Path\u00e9 &#8211; DAMMARIE LES LYS (77)<br> 30\/01\/2026 : Cin\u00e9ma Path\u00e9 &#8211; ANNECY (74)<br> 06\/02\/2026 : Cin\u00e9 Sologne &#8211; LE CONTROIS EN SOLOGNE (41)<br> 06\/03\/2026 : Cin\u00e9ma Path\u00e9 &#8211; CAEN (14)<br> 07\/03\/2026 : Cin\u00e9ma Path\u00e9 &#8211; BREST (29)<br> 13\/03\/2026 : Cin\u00e9ma \u00c9lys\u00e9e &#8211; CHANTILLY (60)<br> 13\/03\/2026 : Cin\u00e9ma Confluences &#8211; SENS (89)<br> 20\/03\/2026 : Cin\u00e9ma Confluences &#8211; MENNECY (77)<br> 21\/03\/2026 : Cin\u00e9ma Cap Cin\u00e9 &#8211; BLOIS (41)<br> 27\/03\/2026 : Cin\u00e9ma Les Lumi\u00e8res &#8211; ARMENTIERES (59)<br> 27\/03\/2026 : Cin\u00e9ma L&#8217;Olympia &#8211; PONTARLIER (25)<br> 03\/04\/2026 : Cin\u00e9ma Le Palace &#8211; CAMBRAI (59)<br> 11\/04\/2026 : Cin\u00e9ma M\u00e9garama &#8211; CHENNEVIERES SUR MERNE (94)<\/p>\n\n\n\n<p><\/p>\n","protected":false},"excerpt":{"rendered":"<p>VENDREDI 17 AVRIL 2026 &#8211; 20h30DIEPPE (76)CIN\u00c9MA MEGARAMA SAMEDI 18 AVRIL 2026 &#8211; 20h30DENAIN (59)CIN\u00c9MA MEGARAMA VENDREDI 24 AVRIL 2026 &#8211; 20h30ARRAS (59)CIN\u00c9MA MEGARAMA SAMEDI 25 AVRIL 2026 &#8211; 20h30BOULOGNE SUR MER (62)CIN\u00c9MA MEGARAMA SAMEDI 30 MAI 2026 &#8211; 20h30AMNEVILLE (57)CIN\u00c9MA KINEPOLIS JEUDI 17 SEPTEMBRE 2026 &#8211; 20h30FENOUILLET (31)CIN\u00c9MA KINEPOLIS VENDREDI 18 SEPTEMBRE 2026 &#8211; &hellip; <\/p>\n<p class=\"link-more\"><a href=\"https:\/\/www.hypnose-au-cinema.com\/\" class=\"more-link\">Continue reading<span class=\"screen-reader-text\"> &#8220;Les dates \u00e0 venir : r\u00e9servations en ligne&#8221;<\/span><\/a><\/p>\n","protected":false},"author":1,"featured_media":0,"parent":0,"menu_order":0,"comment_status":"closed","ping_status":"closed","template":"","meta":{"_exactmetrics_skip_tracking":false,"_exactmetrics_sitenote_active":false,"_exactmetrics_sitenote_note":"","_exactmetrics_sitenote_category":0,"footnotes":""},"class_list":["post-16","page","type-page","status-publish","hentry"],"aioseo_notices":[],"_links":{"self":[{"href":"https:\/\/www.hypnose-au-cinema.com\/index.php\/wp-json\/wp\/v2\/pages\/16","targetHints":{"allow":["GET"]}}],"collection":[{"href":"https:\/\/www.hypnose-au-cinema.com\/index.php\/wp-json\/wp\/v2\/pages"}],"about":[{"href":"https:\/\/www.hypnose-au-cinema.com\/index.php\/wp-json\/wp\/v2\/types\/page"}],"author":[{"embeddable":true,"href":"https:\/\/www.hypnose-au-cinema.com\/index.php\/wp-json\/wp\/v2\/users\/1"}],"replies":[{"embeddable":true,"href":"https:\/\/www.hypnose-au-cinema.com\/index.php\/wp-json\/wp\/v2\/comments?post=16"}],"version-history":[{"count":146,"href":"https:\/\/www.hypnose-au-cinema.com\/index.php\/wp-json\/wp\/v2\/pages\/16\/revisions"}],"predecessor-version":[{"id":359,"href":"https:\/\/www.hypnose-au-cinema.com\/index.php\/wp-json\/wp\/v2\/pages\/16\/revisions\/359"}],"wp:attachment":[{"href":"https:\/\/www.hypnose-au-cinema.com\/index.php\/wp-json\/wp\/v2\/media?parent=16"}],"curies":[{"name":"wp","href":"https:\/\/api.w.org\/{rel}","templated":true}]}}